{"id":7189,"date":"2019-11-20T13:20:35","date_gmt":"2019-11-20T12:20:35","guid":{"rendered":"https:\/\/www.bilbaoria2000.org\/jarduketak\/barakaldo\/parque-de-lasesarre\/"},"modified":"2020-11-04T10:08:48","modified_gmt":"2020-11-04T09:08:48","slug":"lasesarreko-parkea","status":"publish","type":"page","link":"https:\/\/www.bilbaoria2000.org\/eu\/jarduketak\/barakaldo\/lasesarreko-parkea\/","title":{"rendered":"Lasesarreko parkea"},"content":{"rendered":"<div class=\"row\">\n<div class=\"col-md-12\">\n<p>Garai batean futbol-zelaia izandako lurretan dago Lasesarreko parkea. Jatorrizko orubearen itxura laua hausten duten plaza, haran eta muino txiki batzuek osatzen dute, ingurune desberdinak osatuz. Landarediak ere laguntzen du ingurune bereiziak sortzen eremu osoaren barruan. Gainera, parkeak bederatzi pista ditu, herri-jokoak praktikatzeko bereziki egokituak, hala nola, kalba, petanka eta tuta. Berdegunearen barruan izenbururik gabeko eskultura bat instalatu zen, Joel Shapiro artista estatubatuar ospetsuarena. Parke honen proiektua Dirk Bertuleit eta Sandra T\u00f6pfer arkitektoek egin zuten, I\u00f1igo de Viarrek lagunduta. T\u00f6pfer eta Bertuleit arkitekto gazteentzako EUROPAN 5 lehiaketako irabazleak izan ziren, eta parkearen ondoko Murrieta bulebarraren birmoldaketa proiektuaren egileak ere badira.<\/p>\n<\/div>\n<div class=\"col-md-6 m-auto m-t-20 m-b-40 p-t-20 p-b-20\" style=\"background-color: #f7f7f7;\">\n<h3>FITXA<\/h3>\n<ul>\n<li>Inaugurazio-data: 2005eko otsailaren 15a<\/li>\n<li>Azalera osoa: 22.000 metro karratu<\/li>\n<li>Parkearen azalera: 15.910 metro karratu<\/li>\n<li>joko tradizionaletarako 9 pista, skatean jarduteko eremua bat eta haur-jolasetarako gunea.<\/li>\n<li>Joel Shapiro artista estatubatuarraren eskultura.<\/li>\n<\/ul>\n<\/div>\n<div class=\"col-md-8 m-auto text-center p-b-30\"><img class=\"alignnone size-size_150 wp-image-1149 lazyload\" alt=\"\" width=\"150\" height=\"127\" data-src=\"http:\/\/www.bilbaoria2000.org\/assets\/media\/2019\/11\/logo-union-europea-150x127.jpg\"><\/div>\n<\/div>\n","protected":false},"excerpt":{"rendered":"<p>Garai batean futbol-zelaia izandako lurretan dago Lasesarreko parkea. Jatorrizko orubearen itxura laua hausten duten plaza, haran eta muino txiki batzuek osatzen dute, ingurune desberdinak osatuz. Landarediak ere laguntzen du ingurune bereiziak sortzen eremu osoaren barruan. Gainera, parkeak bederatzi pista ditu, herri-jokoak praktikatzeko bereziki egokituak, hala nola, kalba, petanka eta tuta. Berdegunearen barruan izenbururik gabeko eskultura [&hellip;]<\/p>\n","protected":false},"author":1,"featured_media":1015,"parent":3736,"menu_order":0,"comment_status":"closed","ping_status":"closed","template":"templates\/page-actuacion-detalle.php","meta":{"_acf_changed":false,"footnotes":""},"class_list":["post-7189","page","type-page","status-publish","has-post-thumbnail","hentry"],"acf":[],"_links":{"self":[{"href":"https:\/\/www.bilbaoria2000.org\/eu\/wp-json\/wp\/v2\/pages\/7189","targetHints":{"allow":["GET"]}}],"collection":[{"href":"https:\/\/www.bilbaoria2000.org\/eu\/wp-json\/wp\/v2\/pages"}],"about":[{"href":"https:\/\/www.bilbaoria2000.org\/eu\/wp-json\/wp\/v2\/types\/page"}],"author":[{"embeddable":true,"href":"https:\/\/www.bilbaoria2000.org\/eu\/wp-json\/wp\/v2\/users\/1"}],"replies":[{"embeddable":true,"href":"https:\/\/www.bilbaoria2000.org\/eu\/wp-json\/wp\/v2\/comments?post=7189"}],"version-history":[{"count":2,"href":"https:\/\/www.bilbaoria2000.org\/eu\/wp-json\/wp\/v2\/pages\/7189\/revisions"}],"predecessor-version":[{"id":7191,"href":"https:\/\/www.bilbaoria2000.org\/eu\/wp-json\/wp\/v2\/pages\/7189\/revisions\/7191"}],"up":[{"embeddable":true,"href":"https:\/\/www.bilbaoria2000.org\/eu\/wp-json\/wp\/v2\/pages\/3736"}],"wp:featuredmedia":[{"embeddable":true,"href":"https:\/\/www.bilbaoria2000.org\/eu\/wp-json\/wp\/v2\/media\/1015"}],"wp:attachment":[{"href":"https:\/\/www.bilbaoria2000.org\/eu\/wp-json\/wp\/v2\/media?parent=7189"}],"curies":[{"name":"wp","href":"https:\/\/api.w.org\/{rel}","templated":true}]}}