{"id":3923,"date":"2019-11-18T17:19:27","date_gmt":"2019-11-18T16:19:27","guid":{"rendered":"https:\/\/www.bilbaoria2000.org\/iharduerak\/hegoaldeko-saihesbidea\/estacion-de-la-concordia\/"},"modified":"2020-11-10T10:21:50","modified_gmt":"2020-11-10T09:21:50","slug":"konkordiako-geltokia","status":"publish","type":"page","link":"https:\/\/www.bilbaoria2000.org\/eu\/jarduketak\/trenbide-azpiegiturak\/konkordiako-geltokia\/","title":{"rendered":"Konkordiako geltokia"},"content":{"rendered":"<div class=\"row\">\n<div class=\"col-md-12\">\n<p>Konkordiako Adif-Zabalera Metrikoko geltoki historikoa goitik behera birmoldatu zen, 2007an amaitutako obra baten bidez. Bilboko Zabalguneko eraikin berezietako bat da. 1902. urtean inauguratu zen, Valent\u00edn Gorbe\u00f1a ingeniariaren eta Severino Ach\u00facarro arkitektoaren proiektuaren arabera.<\/p>\n<p>Geltokiaren inguruan oinezkoen joan-etorri handia dagoenez, igarobidea hobetzea izan zen proiektuaren helburuetako bat. Hori lortzeko, beste sarbide bat zabaldu zuten geltokian. <\/p>\n<p>Obren beste helburu bat zen, gainera, ondoan dagoen Abandoko geltokiaren atzealdeko plazatik geltokia ikusi eta antzeman ahal izatea. BILBAO R\u00eda 2000k geltokiaren inguruan egin zuen jarduketa osatzeko, Jos\u00e9 M\u00aa Olabarri kalea oinezkoentzat egokitzeko eta eraberritzeko lanak egin ziren, Bilboko Udalarekin lankidetzan. <\/p>\n<\/div>\n<div class=\"col-md-6 m-auto m-t-20 m-b-40 p-t-20 p-b-20\" style=\"background-color: #f7f7f7;\">\n<h3>FITXA<\/h3>\n<ul>\n<li>Birmoldatze-data: 2007-08-14<\/li>\n<li>Atari berri batek Jose Maria Olabarri eta Bailen kaleak lotzen ditu.<\/li>\n<li>Nasarako sarbide berria zabaltzea Jos\u00e9 Mar\u00eda Olabarri kaletik.<\/li>\n<li>Geltokiko fatxada klasikoa pintatzea eta estalkia berritzea.<\/li>\n<li>Jos\u00e9 Mar\u00eda Olabarri kalea berrurbanizatzea.<\/li>\n<\/ul>\n<\/div>\n<p><!--\n\n\n<div class=\"col-md-8 m-auto text-center p-b-30\">\n\t\t<img loading=\"lazy\" decoding=\"async\" class=\"alignnone size-size_150 wp-image-1149\" src=\"http:\/\/www.bilbaoria2000.org\/assets\/media\/2019\/11\/logo-union-europea-150x127.jpg\" alt=\"\" width=\"150\" height=\"127\" \/><\/div>\n\n\n--><\/p>\n<\/div>\n","protected":false},"excerpt":{"rendered":"<p>Konkordiako Adif-Zabalera Metrikoko geltoki historikoa goitik behera birmoldatu zen, 2007an amaitutako obra baten bidez. Bilboko Zabalguneko eraikin berezietako bat da. 1902. urtean inauguratu zen, Valent\u00edn Gorbe\u00f1a ingeniariaren eta Severino Ach\u00facarro arkitektoaren proiektuaren arabera. Geltokiaren inguruan oinezkoen joan-etorri handia dagoenez, igarobidea hobetzea izan zen proiektuaren helburuetako bat. Hori lortzeko, beste sarbide bat zabaldu zuten geltokian. Obren [&hellip;]<\/p>\n","protected":false},"author":1,"featured_media":619,"parent":3897,"menu_order":0,"comment_status":"closed","ping_status":"closed","template":"templates\/page-actuacion-detalle.php","meta":{"_acf_changed":false,"footnotes":""},"class_list":["post-3923","page","type-page","status-publish","has-post-thumbnail","hentry"],"acf":[],"_links":{"self":[{"href":"https:\/\/www.bilbaoria2000.org\/eu\/wp-json\/wp\/v2\/pages\/3923","targetHints":{"allow":["GET"]}}],"collection":[{"href":"https:\/\/www.bilbaoria2000.org\/eu\/wp-json\/wp\/v2\/pages"}],"about":[{"href":"https:\/\/www.bilbaoria2000.org\/eu\/wp-json\/wp\/v2\/types\/page"}],"author":[{"embeddable":true,"href":"https:\/\/www.bilbaoria2000.org\/eu\/wp-json\/wp\/v2\/users\/1"}],"replies":[{"embeddable":true,"href":"https:\/\/www.bilbaoria2000.org\/eu\/wp-json\/wp\/v2\/comments?post=3923"}],"version-history":[{"count":3,"href":"https:\/\/www.bilbaoria2000.org\/eu\/wp-json\/wp\/v2\/pages\/3923\/revisions"}],"predecessor-version":[{"id":7357,"href":"https:\/\/www.bilbaoria2000.org\/eu\/wp-json\/wp\/v2\/pages\/3923\/revisions\/7357"}],"up":[{"embeddable":true,"href":"https:\/\/www.bilbaoria2000.org\/eu\/wp-json\/wp\/v2\/pages\/3897"}],"wp:featuredmedia":[{"embeddable":true,"href":"https:\/\/www.bilbaoria2000.org\/eu\/wp-json\/wp\/v2\/media\/619"}],"wp:attachment":[{"href":"https:\/\/www.bilbaoria2000.org\/eu\/wp-json\/wp\/v2\/media?parent=3923"}],"curies":[{"name":"wp","href":"https:\/\/api.w.org\/{rel}","templated":true}]}}