{"id":3830,"date":"2019-11-20T13:31:59","date_gmt":"2019-11-20T12:31:59","guid":{"rendered":"https:\/\/www.bilbaoria2000.org\/iharduerak\/barakaldo\/polideportivo\/"},"modified":"2020-11-04T10:30:20","modified_gmt":"2020-11-04T09:30:20","slug":"kiroldegia","status":"publish","type":"page","link":"https:\/\/www.bilbaoria2000.org\/eu\/jarduketak\/barakaldo\/kiroldegia\/","title":{"rendered":"Kiroldegia"},"content":{"rendered":"<div class=\"row\">\n<div class=\"col-md-12\">\n<p>Jorge Munta\u00f1ola eta \u00c1lvaro P\u00e9rez de Am\u00e9zaga arkitektoek diseinatu dute Lasesarreko kiroldegia. Hiru elementu nagusi ditu: kirol anitzeko pabilioia, igerilekuen gunea eta eraikin zentrala, non gimnasioak, aldagelak eta administrazioa dauden.<\/p>\n<p>Pabilioi zentralak kirol anitzeko pista bat, hiru igerileku eta txikientzako ur-jolastokia ditu.<\/p>\n<p>Aire zabaleko pistek honako ekipamendu hauek dituzte: belar artifizialeko futbol-11ko zelai bat, aurrekoan integratutako futbol-7ko bi zelai, teniseko hiru pista sintetiko, kristalezko itxitura duten bi padel-pista, saskibaloi-kantxa bat eta kirol anitzeko pista bat.<\/p>\n<\/div>\n<div class=\"col-md-6 m-auto m-t-20 m-b-40 p-t-20 p-b-20\" style=\"background-color:#f7f7f7\">\n<h3>FITXA<\/h3>\n<ul>\n<li>Inaugurazio-data: 2004ko ekainaren 17a<\/li>\n<li>Azalera osoa: 31.000 metro karratu<\/li>\n<li>Kiroldegia: 66 \u00d7 44 metroko pista eta 3.100 ikuslerentzako edukiera<\/li>\n<li>Igerilekuen eraikina: hiru igerileku eta haurrentzako ur-jolastokia<\/li>\n<li>Eraikin zentrala: gimnasioa, aldagelak eta administrazioa.<\/li>\n<li>Aire zabaleko pistak: 16.000 metro karratu, futbol-zelaia, teniseko eta padeleko pistak, saskibaloi-kantxa eta kirol anitzeko pista.<\/li>\n<\/ul><\/div>\n<p>\t<!--\n\t\n\n<div class=\"col-md-8 m-auto text-center p-b-30\">\n\t\t<img loading=\"lazy\" decoding=\"async\" class=\"alignnone size-size_150 wp-image-1149\" src=\"http:\/\/www.bilbaoria2000.org\/assets\/media\/2019\/11\/logo-union-europea-150x127.jpg\" alt=\"\" width=\"150\" height=\"127\" \/>\n\t<\/div>\n\n\n\t--><\/p>\n<\/div>\n","protected":false},"excerpt":{"rendered":"<p>Jorge Munta\u00f1ola eta \u00c1lvaro P\u00e9rez de Am\u00e9zaga arkitektoek diseinatu dute Lasesarreko kiroldegia. Hiru elementu nagusi ditu: kirol anitzeko pabilioia, igerilekuen gunea eta eraikin zentrala, non gimnasioak, aldagelak eta administrazioa dauden. Pabilioi zentralak kirol anitzeko pista bat, hiru igerileku eta txikientzako ur-jolastokia ditu. Aire zabaleko pistek honako ekipamendu hauek dituzte: belar artifizialeko futbol-11ko zelai bat, aurrekoan [&hellip;]<\/p>\n","protected":false},"author":1,"featured_media":1057,"parent":3736,"menu_order":0,"comment_status":"closed","ping_status":"closed","template":"templates\/page-actuacion-detalle.php","meta":{"_acf_changed":false,"footnotes":""},"class_list":["post-3830","page","type-page","status-publish","has-post-thumbnail","hentry"],"acf":[],"_links":{"self":[{"href":"https:\/\/www.bilbaoria2000.org\/eu\/wp-json\/wp\/v2\/pages\/3830","targetHints":{"allow":["GET"]}}],"collection":[{"href":"https:\/\/www.bilbaoria2000.org\/eu\/wp-json\/wp\/v2\/pages"}],"about":[{"href":"https:\/\/www.bilbaoria2000.org\/eu\/wp-json\/wp\/v2\/types\/page"}],"author":[{"embeddable":true,"href":"https:\/\/www.bilbaoria2000.org\/eu\/wp-json\/wp\/v2\/users\/1"}],"replies":[{"embeddable":true,"href":"https:\/\/www.bilbaoria2000.org\/eu\/wp-json\/wp\/v2\/comments?post=3830"}],"version-history":[{"count":5,"href":"https:\/\/www.bilbaoria2000.org\/eu\/wp-json\/wp\/v2\/pages\/3830\/revisions"}],"predecessor-version":[{"id":7206,"href":"https:\/\/www.bilbaoria2000.org\/eu\/wp-json\/wp\/v2\/pages\/3830\/revisions\/7206"}],"up":[{"embeddable":true,"href":"https:\/\/www.bilbaoria2000.org\/eu\/wp-json\/wp\/v2\/pages\/3736"}],"wp:featuredmedia":[{"embeddable":true,"href":"https:\/\/www.bilbaoria2000.org\/eu\/wp-json\/wp\/v2\/media\/1057"}],"wp:attachment":[{"href":"https:\/\/www.bilbaoria2000.org\/eu\/wp-json\/wp\/v2\/media?parent=3830"}],"curies":[{"name":"wp","href":"https:\/\/api.w.org\/{rel}","templated":true}]}}