{"id":7395,"date":"2019-11-18T17:23:42","date_gmt":"2019-11-18T16:23:42","guid":{"rendered":"https:\/\/www.bilbaoria2000.org\/actions\/rail-infraestructures\/estacion-de-miribilla\/"},"modified":"2020-11-10T12:18:34","modified_gmt":"2020-11-10T11:18:34","slug":"miribilla-station","status":"publish","type":"page","link":"https:\/\/www.bilbaoria2000.org\/en\/actions\/rail-infraestructures\/miribilla-station\/","title":{"rendered":"Miribilla Station"},"content":{"rendered":"<div class=\"row\">\n<div class=\"col-md-12\">\n<p>Miribilla Station, built for Adif and serving Renfe Cercan\u00edas line C-3 (Bilbao Abando-Ordu\u00f1a), was one of the most complex engineering challenges carried out by BILBAO R\u00eda 2000 as it was necessary to excavate three shafts, one of which was 50 metres deep, and extend the cavern in the Cantalojas tunnel while maintaining the Cercan\u00edas and freight railway service at all times.<\/p>\n<p>The main shaft, with a diameter of fifteen metres and a height similar to that of a sixteen-storey building, is the deepest in the Adif network.<\/p>\n<p>Miribilla Station, which serves 20,000 residents of Miribilla, San Adri\u00e1n and Torre Urizar, enables its users to travel to Bilbao-Abando in just over two minutes, from there they can connect with Renfe Cercan\u00edas lines C-1 and C-2, the Bilbao Metro network, Tramway, Renfe Feve and different bus lines.<\/p>\n<\/div>\n<div class=\"col-md-6 m-auto m-t-20 m-b-40 p-t-20 p-b-20\" style=\"background-color: #f7f7f7;\">\n<h3>DATA SHEET<\/h3>\n<ul>\n<li>Opening date: 18 December 2008<\/li>\n<li>Volume excavated: 20,000 m3<\/li>\n<li>Upper lobby of 300 m2 with five ticket gates, self-service machines and ticket office<\/li>\n<li>Six panoramic lifts to access the platform from the upper lobby and one more for platform change<\/li>\n<li>Two escalators and a staircase to move between platforms<\/li>\n<li>Two platforms built, 90 metres long and 4 metres wide<\/li>\n<li>Lift shaft: 50 m high and 15 m in diameter<\/li>\n<li>Ventilation shaft: 40 metres high and 3.5 in diameter<\/li>\n<li>Emergency shaft: 35 metres high and 6.12 in diameter<\/li>\n<\/ul>\n<\/div>\n<p><!--\n\n\n<div class=\"col-md-8 m-auto text-center p-b-30\">\n\t\t<img loading=\"lazy\" decoding=\"async\" class=\"alignnone size-size_150 wp-image-1150\" src=\"http:\/\/www.bilbaoria2000.org\/assets\/media\/2019\/11\/logo-union-europea-150x127.jpg\" alt=\"\" width=\"150\" height=\"127\" \/><\/div>\n\n\n--><\/p>\n<\/div>\n","protected":false},"excerpt":{"rendered":"<p>Miribilla Station, built for Adif and serving Renfe Cercan\u00edas line C-3 (Bilbao Abando-Ordu\u00f1a), was one of the most complex engineering challenges carried out by BILBAO R\u00eda 2000 as it was necessary to excavate three shafts, one of which was 50 metres deep, and extend the cavern in the Cantalojas tunnel while maintaining the Cercan\u00edas and [&hellip;]<\/p>\n","protected":false},"author":1,"featured_media":634,"parent":4436,"menu_order":0,"comment_status":"closed","ping_status":"closed","template":"templates\/page-actuacion-detalle.php","meta":{"_acf_changed":false,"footnotes":""},"class_list":["post-7395","page","type-page","status-publish","has-post-thumbnail","hentry"],"acf":[],"_links":{"self":[{"href":"https:\/\/www.bilbaoria2000.org\/en\/wp-json\/wp\/v2\/pages\/7395","targetHints":{"allow":["GET"]}}],"collection":[{"href":"https:\/\/www.bilbaoria2000.org\/en\/wp-json\/wp\/v2\/pages"}],"about":[{"href":"https:\/\/www.bilbaoria2000.org\/en\/wp-json\/wp\/v2\/types\/page"}],"author":[{"embeddable":true,"href":"https:\/\/www.bilbaoria2000.org\/en\/wp-json\/wp\/v2\/users\/1"}],"replies":[{"embeddable":true,"href":"https:\/\/www.bilbaoria2000.org\/en\/wp-json\/wp\/v2\/comments?post=7395"}],"version-history":[{"count":2,"href":"https:\/\/www.bilbaoria2000.org\/en\/wp-json\/wp\/v2\/pages\/7395\/revisions"}],"predecessor-version":[{"id":7397,"href":"https:\/\/www.bilbaoria2000.org\/en\/wp-json\/wp\/v2\/pages\/7395\/revisions\/7397"}],"up":[{"embeddable":true,"href":"https:\/\/www.bilbaoria2000.org\/en\/wp-json\/wp\/v2\/pages\/4436"}],"wp:featuredmedia":[{"embeddable":true,"href":"https:\/\/www.bilbaoria2000.org\/en\/wp-json\/wp\/v2\/media\/634"}],"wp:attachment":[{"href":"https:\/\/www.bilbaoria2000.org\/en\/wp-json\/wp\/v2\/media?parent=7395"}],"curies":[{"name":"wp","href":"https:\/\/api.w.org\/{rel}","templated":true}]}}