{"id":4347,"date":"2019-11-18T09:24:44","date_gmt":"2019-11-18T08:24:44","guid":{"rendered":"https:\/\/www.bilbaoria2000.org\/activity\/basurto-san-mames\/"},"modified":"2020-11-10T09:49:09","modified_gmt":"2020-11-10T08:49:09","slug":"basurto-san-mames","status":"publish","type":"page","link":"https:\/\/www.bilbaoria2000.org\/en\/actions\/basurto-san-mames\/","title":{"rendered":"Basurto &#8211; San Mam\u00e9s"},"content":{"rendered":"<section class=\"module p-b-0 contenido\">\n<div class=\"container\">\n<div class=\"row\">\n<div class=\"col-md-12 m-auto\">\n<p>The urban integration of the railway, the improvement of road access, the relocation of the municipal Civil Protection and Citizen Security services and the construction of a new residential area were combined in one of the most complex operations commissioned to BILBAO R\u00eda 2000.<\/p>\n<p>The first phase of this Basurto-San Mam\u00e9s operation, which began in 2005 and was completed in 2010, involved the underground routing of 2.5 kilometres of track from the former Feve, now Adif-Ancho M\u00e9trico, between the Olabeaga tunnel (new construction) and the Gord\u00f3niz roundabout. For the Basurto and Rekalde districts, this represented the closing of a trench that had made the connection to the centre of Bilbao difficult for over a hundred years.<\/p>\n<p>In parallel to the urban integration works for the railway route, BILBAO R\u00eda 2000 built the new Municipal Police and Fire Department headquarters in the Miribilla neighbourhood, as well as the new Basurto Civic Centre on Calle Zankoeta. These three facilities, located in Garellano, were demolished to build 1,100 homes, more than half of them subsidised housing, with which the operation was financed thanks to the contribution of the land by Bilbao City Council.<\/p>\n<p>In addition, BILBAO R\u00eda 2000 was responsible for building the connection with the urban fabric of the new accesses from the A-8, allowing for a major urban reorganisation, including the disappearance of the Sabino Arana viaduct and the construction of a university building and the new San Mam\u00e9s stadium.<\/p>\n<p>In a second phase, BILBAO R\u00eda 2000 was responsible for the underground routing of the Adif-Ancho M\u00e9trico freight route between the Gord\u00f3niz roundabout and the La Pe\u00f1a neighbourhood, with a false tunnel between Rekalde and Irala and a mine tunnel to La Pe\u00f1a.<\/p>\n<p>In this intervention, BILBAO R\u00eda 2000 worked together with the Provincial Council of Bizkaia, Bilbao City Council, the Ministry for Development and Adif through a Collaboration Agreement.<\/p>\n<\/div>\n<div class=\"col-md-6 m-auto m-t-20 m-b-40 p-t-20 p-b-20\" style=\"background-color:#f7f7f7\">\n<h3>DATA SHEET<\/h3>\n<ul>\n<li>Phase 1 of the underground routing (between Olabeaga and Gord\u00f3niz)<\/li>\n<li>Phase 2 of the underground routing (between Gord\u00f3niz and La Pe\u00f1a)<\/li>\n<li>Construction of the new Basurto-Hospital station<\/li>\n<li>New Police and Fire Department buildings<\/li>\n<li>New Basurto Civic Centre<\/li>\n<li>Garellano Park<\/li>\n<li>Investment: \u20ac297 M<\/li>\n<\/ul>\n<\/div><\/div>\n<\/div>\n<\/section>\n<section class=\"module module-sm\">\n<div class=\"container\">\n<div class=\"special-heading text-center\">\n<h2>Actions in Basurto \u2013 San Mam\u00e9s<\/h2>\n<\/div>\n<div class=\"row row-portfolio row-gutter fondo-blanco\" data-columns=\"3\">\n<div class=\"grid-sizer\"><\/div>\n<div class=\"portfolio-item\">\n<div class=\"portfolio-wrapper\">\n\t\t\t\t\t\t\t\t\t<img alt=\"\" width=\"576\" height=\"346\" class=\"alignnone size-size_576 wp-image-527 lazyload\" data-src=\"http:\/\/www.bilbaoria2000.org\/assets\/media\/2019\/11\/Basurto-SanMames-centro-civico-576x346.jpg\">\n<div class=\"portfolio-overlay\"><\/div>\n<div class=\"portfolio-caption\">\n<h5 class=\"portfolio-title\">Basurto Civic Centre<\/h5>\n<\/div>\n<p><a class=\"portfolio-link\" href=\"\/en\/actions\/basurto-san-mames\/basurto-civic-centre\/\"><\/a>\n\t\t\t\t\t\t\t\t<\/p><\/div>\n<\/div>\n<div class=\"portfolio-item\">\n<div class=\"portfolio-wrapper\">\n\t\t\t\t\t\t\t\t\t<img alt=\"\" width=\"576\" height=\"346\" class=\"alignnone size-size_576 wp-image-4723 lazyload\" data-src=\"https:\/\/www.bilbaoria2000.org\/assets\/media\/\/Basurto-SanMames_edificiosmiribilla-1-576x346.jpg\" srcset=\"https:\/\/www.bilbaoria2000.org\/assets\/media\/Basurto-SanMames_edificiosmiribilla-1-576x346.jpg 576w, https:\/\/www.bilbaoria2000.org\/assets\/media\/Basurto-SanMames_edificiosmiribilla-1-150x90.jpg 150w, https:\/\/www.bilbaoria2000.org\/assets\/media\/Basurto-SanMames_edificiosmiribilla-1-300x180.jpg 300w, https:\/\/www.bilbaoria2000.org\/assets\/media\/Basurto-SanMames_edificiosmiribilla-1-400x240.jpg 400w, https:\/\/www.bilbaoria2000.org\/assets\/media\/Basurto-SanMames_edificiosmiribilla-1-480x288.jpg 480w, https:\/\/www.bilbaoria2000.org\/assets\/media\/Basurto-SanMames_edificiosmiribilla-1.jpg 700w\" sizes=\"(max-width: 576px) 100vw, 576px\" \/>\n<div class=\"portfolio-overlay\"><\/div>\n<div class=\"portfolio-caption\">\n<h5 class=\"portfolio-title\">Buildings in Miribilla<\/h5>\n<\/div>\n<p><a class=\"portfolio-link\" href=\"\/en\/actions\/basurto-san-mames\/buildings-in-miribila\/\"><\/a>\n\t\t\t\t\t\t\t\t<\/p><\/div>\n<\/div>\n<div class=\"portfolio-item\">\n<div class=\"portfolio-wrapper\">\n\t\t\t\t\t\t\t\t\t<img alt=\"\" width=\"576\" height=\"346\" class=\"alignnone size-size_576 wp-image-521 lazyload\" data-src=\"http:\/\/www.bilbaoria2000.org\/assets\/media\/2019\/11\/Basurto-SanMames-accesos-A8-576x346.jpg\">\n<div class=\"portfolio-overlay\"><\/div>\n<div class=\"portfolio-caption\">\n<h5 class=\"portfolio-title\">New accesses to the A-8<\/h5>\n<\/div>\n<p><a class=\"portfolio-link\" href=\"\/en\/actions\/basurto-san-mames\/new-accesses-to-the-a-8\/\"><\/a>\n\t\t\t\t\t\t\t\t<\/p><\/div>\n<\/div>\n<div class=\"portfolio-item\">\n<div class=\"portfolio-wrapper\">\n\t\t\t\t\t\t\t\t\t<img alt=\"\" width=\"576\" height=\"346\" class=\"alignnone size-size_576 wp-image-518 lazyload\" data-src=\"http:\/\/www.bilbaoria2000.org\/assets\/media\/2019\/11\/Basurto-SanMames-urbanizacon-Garellano-576x346.jpg\">\n<div class=\"portfolio-overlay\"><\/div>\n<div class=\"portfolio-caption\">\n<h5 class=\"portfolio-title\">Garellano Urban Renovation Plan<\/h5>\n<\/div>\n<p><a class=\"portfolio-link\" href=\"\/en\/actions\/basurto-san-mames\/garellano-urban-renovation-plan\/\"><\/a>\n\t\t\t\t\t\t\t\t<\/p><\/div>\n<\/div>\n<div class=\"portfolio-item\">\n<div class=\"portfolio-wrapper\">\n\t\t\t\t\t\t\t\t\t<img alt=\"\" width=\"576\" height=\"346\" class=\"alignnone size-size_576 wp-image-512 lazyload\" data-src=\"http:\/\/www.bilbaoria2000.org\/assets\/media\/2019\/11\/Basurto-SanMames-soterramiento-Irala-576x346.jpg\">\n<div class=\"portfolio-overlay\"><\/div>\n<div class=\"portfolio-caption\">\n<h5 class=\"portfolio-title\">Underground routing of the Adif line in Rekalde and Irala<\/h5>\n<\/div>\n<p><a class=\"portfolio-link\" href=\"\/en\/actions\/basurto-san-mames\/underground-routing-of-the-adif-line-in-rekalde-and-irala\/\"><\/a>\n\t\t\t\t\t\t\t\t<\/p><\/div>\n<\/div>\n<div class=\"portfolio-item\">\n<div class=\"portfolio-wrapper\">\n\t\t\t\t\t\t\t\t\t<img alt=\"\" width=\"576\" height=\"346\" class=\"alignnone size-size_576 wp-image-515 lazyload\" data-src=\"http:\/\/www.bilbaoria2000.org\/assets\/media\/2019\/11\/Basurto-SanMames-soterramiento-basurto-576x346.jpg\">\n<div class=\"portfolio-overlay\"><\/div>\n<div class=\"portfolio-caption\">\n<h5 class=\"portfolio-title\">Underground routing of the FEVE line in Basurto<\/h5>\n<\/div>\n<p><a class=\"portfolio-link\" href=\"\/en\/actions\/basurto-san-mames\/underground-routing-of-the-feve-line-in-basurto\/\"><\/a>\n\t\t\t\t\t\t\t  <\/p><\/div>\n<\/div>\n<\/div>\n<\/div>\n<\/section>\n","protected":false},"excerpt":{"rendered":"<p>The urban integration of the railway, the improvement of road access, the relocation of the municipal Civil Protection and Citizen Security services and the construction of a new residential area were combined in one of the most complex operations commissioned to BILBAO R\u00eda 2000. The first phase of this Basurto-San Mam\u00e9s operation, which began in [&hellip;]<\/p>\n","protected":false},"author":1,"featured_media":4410,"parent":4091,"menu_order":0,"comment_status":"closed","ping_status":"closed","template":"templates\/pagina-con-subtitulo-template.php","meta":{"_acf_changed":false,"footnotes":""},"class_list":["post-4347","page","type-page","status-publish","has-post-thumbnail","hentry"],"acf":[],"_links":{"self":[{"href":"https:\/\/www.bilbaoria2000.org\/en\/wp-json\/wp\/v2\/pages\/4347","targetHints":{"allow":["GET"]}}],"collection":[{"href":"https:\/\/www.bilbaoria2000.org\/en\/wp-json\/wp\/v2\/pages"}],"about":[{"href":"https:\/\/www.bilbaoria2000.org\/en\/wp-json\/wp\/v2\/types\/page"}],"author":[{"embeddable":true,"href":"https:\/\/www.bilbaoria2000.org\/en\/wp-json\/wp\/v2\/users\/1"}],"replies":[{"embeddable":true,"href":"https:\/\/www.bilbaoria2000.org\/en\/wp-json\/wp\/v2\/comments?post=4347"}],"version-history":[{"count":6,"href":"https:\/\/www.bilbaoria2000.org\/en\/wp-json\/wp\/v2\/pages\/4347\/revisions"}],"predecessor-version":[{"id":7328,"href":"https:\/\/www.bilbaoria2000.org\/en\/wp-json\/wp\/v2\/pages\/4347\/revisions\/7328"}],"up":[{"embeddable":true,"href":"https:\/\/www.bilbaoria2000.org\/en\/wp-json\/wp\/v2\/pages\/4091"}],"wp:featuredmedia":[{"embeddable":true,"href":"https:\/\/www.bilbaoria2000.org\/en\/wp-json\/wp\/v2\/media\/4410"}],"wp:attachment":[{"href":"https:\/\/www.bilbaoria2000.org\/en\/wp-json\/wp\/v2\/media?parent=4347"}],"curies":[{"name":"wp","href":"https:\/\/api.w.org\/{rel}","templated":true}]}}