{"id":2631,"date":"2020-03-25T16:51:43","date_gmt":"2020-03-25T15:51:43","guid":{"rendered":"https:\/\/www.bilbaoria2000.org\/?page_id=2631"},"modified":"2020-10-26T15:41:20","modified_gmt":"2020-10-26T14:41:20","slug":"home-en","status":"publish","type":"page","link":"https:\/\/www.bilbaoria2000.org\/en\/","title":{"rendered":"Home EN"},"content":{"rendered":"<section class=\"module-header full-height parallax bg-dark bg-dark-30\" data-id-bg=\"1248\" data-sizes-background='[{\"width\":150,\"url\":\"https:\\\/\\\/www.bilbaoria2000.org\\\/assets\\\/media\\\/2020\\\/02\\\/slide-home-150x71.jpg\"},{\"width\":300,\"url\":\"https:\\\/\\\/www.bilbaoria2000.org\\\/assets\\\/media\\\/2020\\\/02\\\/slide-home-300x141.jpg\"},{\"width\":400,\"url\":\"https:\\\/\\\/www.bilbaoria2000.org\\\/assets\\\/media\\\/2020\\\/02\\\/slide-home-400x188.jpg\"},{\"width\":480,\"url\":\"https:\\\/\\\/www.bilbaoria2000.org\\\/assets\\\/media\\\/2020\\\/02\\\/slide-home-480x226.jpg\"},{\"width\":576,\"url\":\"https:\\\/\\\/www.bilbaoria2000.org\\\/assets\\\/media\\\/2020\\\/02\\\/slide-home-576x271.jpg\"},{\"width\":768,\"url\":\"https:\\\/\\\/www.bilbaoria2000.org\\\/assets\\\/media\\\/2020\\\/02\\\/slide-home-768x361.jpg\"},{\"width\":992,\"url\":\"https:\\\/\\\/www.bilbaoria2000.org\\\/assets\\\/media\\\/2020\\\/02\\\/slide-home-992x467.jpg\"},{\"width\":1200,\"url\":\"https:\\\/\\\/www.bilbaoria2000.org\\\/assets\\\/media\\\/2020\\\/02\\\/slide-home-1200x564.jpg\"},{\"width\":1650,\"url\":\"https:\\\/\\\/www.bilbaoria2000.org\\\/assets\\\/media\\\/2020\\\/02\\\/slide-home.jpg\"}]'>\n<div class=\"container\">\n<div class=\"row\">\n<div class=\"col-md-9 m-auto\">\n<p class=\"wow fadeInDown\"><img class=\"alignnone size-full wp-image-1255 lazyload\" alt=\"Logotipo Bilbao R\u00eda 2000\" width=\"300\" height=\"236\" data-src=\"http:\/\/www.bilbaoria2000.org\/assets\/media\/2020\/02\/logotipo-bilbaoria2000-home.png\" sizes=\"(max-width: 300px) 100vw, 300px\" data-srcset=\"https:\/\/www.bilbaoria2000.org\/assets\/media\/2020\/02\/logotipo-bilbaoria2000-home.png 300w, https:\/\/www.bilbaoria2000.org\/assets\/media\/2020\/02\/logotipo-bilbaoria2000-home-150x118.png 150w\" srcset=\"https:\/\/www.bilbaoria2000.org\/assets\/media\/2020\/02\/logotipo-bilbaoria2000-home.png 300w, https:\/\/www.bilbaoria2000.org\/assets\/media\/2020\/02\/logotipo-bilbaoria2000-home-150x118.png 150w\" \/><\/p>\n<h1 class=\"h1 m-b-20 wow fadeInDown\" data-wow-delay=\"0.5s\">A public company of reference in the urban transformation of metropolitan Bilbao<\/h1>\n<\/div>\n<\/div>\n<\/div>\n<\/section>\n\n<section class=\"module p-b-0\">\n<div class=\"container\">\n<div class=\"row\">\n<div class=\"col-md-12 m-auto\">\n<div class=\"module-title text-center\">\n<h2>Areas of action<\/h2>\n<p>The Company\u2019s main areas of action are Abandoibarra, Ametzola, Bilbao La Vieja, Barakaldo and the Basurto-San Mam\u00e9s-Olabeaga area. BILBAO R\u00eda 2000 is also responsible for reorganising the railway system and integrating the train into the new urban fabric.<\/p>\n<\/div>\n<\/div>\n<\/div>\n<\/div>\n<\/section>\n<section class=\"module module-divider-bottom p-0\">\n<div class=\"container-fluid\">\n<div class=\"row row-portfolio\" date-portfolio-type=\"standard\" data-columns=\"4\">\n<div class=\"grid-sizer\"><\/div>\n<div class=\"portfolio-item\">\n<div class=\"portfolio-wrapper\">\n\t\t\t\t\t\t\t\t\t<img alt=\"\" width=\"768\" height=\"489\" class=\"alignnone size-size_768 wp-image-2434 lazyload\" data-src=\"https:\/\/www.bilbaoria2000.org\/assets\/media\/actuaciones-abandoibarra-768x489.jpg\" sizes=\"(max-width: 768px) 100vw, 768px\" data-srcset=\"https:\/\/www.bilbaoria2000.org\/assets\/media\/actuaciones-abandoibarra-768x489.jpg 768w, https:\/\/www.bilbaoria2000.org\/assets\/media\/actuaciones-abandoibarra-150x95.jpg 150w, https:\/\/www.bilbaoria2000.org\/assets\/media\/actuaciones-abandoibarra-300x191.jpg 300w, https:\/\/www.bilbaoria2000.org\/assets\/media\/actuaciones-abandoibarra-400x255.jpg 400w, https:\/\/www.bilbaoria2000.org\/assets\/media\/actuaciones-abandoibarra-480x305.jpg 480w, https:\/\/www.bilbaoria2000.org\/assets\/media\/actuaciones-abandoibarra-576x366.jpg 576w, https:\/\/www.bilbaoria2000.org\/assets\/media\/actuaciones-abandoibarra.jpg 800w\" srcset=\"https:\/\/www.bilbaoria2000.org\/assets\/media\/actuaciones-abandoibarra-768x489.jpg 768w, https:\/\/www.bilbaoria2000.org\/assets\/media\/actuaciones-abandoibarra-150x95.jpg 150w, https:\/\/www.bilbaoria2000.org\/assets\/media\/actuaciones-abandoibarra-300x191.jpg 300w, https:\/\/www.bilbaoria2000.org\/assets\/media\/actuaciones-abandoibarra-400x255.jpg 400w, https:\/\/www.bilbaoria2000.org\/assets\/media\/actuaciones-abandoibarra-480x305.jpg 480w, https:\/\/www.bilbaoria2000.org\/assets\/media\/actuaciones-abandoibarra-576x366.jpg 576w, https:\/\/www.bilbaoria2000.org\/assets\/media\/actuaciones-abandoibarra.jpg 800w\" \/>\n<div class=\"portfolio-overlay\"><\/div>\n<\/div>\n<div class=\"portfolio-caption\">\n<h5 class=\"portfolio-title\">Abandoibarra<\/h5>\n<\/div>\n<p><a class=\"portfolio-link\" href=\"\/en\/actions\/abandoibarra\/\"><\/a>\n\t\t\t\t\t\t\t<\/p><\/div>\n<div class=\"portfolio-item\">\n<div class=\"portfolio-wrapper\">\n\t\t\t\t\t\t\t\t\t<img alt=\"\" width=\"768\" height=\"489\" class=\"alignnone size-size_768 wp-image-2437 lazyload\" data-src=\"https:\/\/www.bilbaoria2000.org\/assets\/media\/actuaciones-ametzola-768x489.jpg\" sizes=\"(max-width: 768px) 100vw, 768px\" data-srcset=\"https:\/\/www.bilbaoria2000.org\/assets\/media\/actuaciones-ametzola-768x489.jpg 768w, https:\/\/www.bilbaoria2000.org\/assets\/media\/actuaciones-ametzola-150x95.jpg 150w, https:\/\/www.bilbaoria2000.org\/assets\/media\/actuaciones-ametzola-300x191.jpg 300w, https:\/\/www.bilbaoria2000.org\/assets\/media\/actuaciones-ametzola-400x255.jpg 400w, https:\/\/www.bilbaoria2000.org\/assets\/media\/actuaciones-ametzola-480x305.jpg 480w, https:\/\/www.bilbaoria2000.org\/assets\/media\/actuaciones-ametzola-576x366.jpg 576w, https:\/\/www.bilbaoria2000.org\/assets\/media\/actuaciones-ametzola.jpg 800w\" srcset=\"https:\/\/www.bilbaoria2000.org\/assets\/media\/actuaciones-ametzola-768x489.jpg 768w, https:\/\/www.bilbaoria2000.org\/assets\/media\/actuaciones-ametzola-150x95.jpg 150w, https:\/\/www.bilbaoria2000.org\/assets\/media\/actuaciones-ametzola-300x191.jpg 300w, https:\/\/www.bilbaoria2000.org\/assets\/media\/actuaciones-ametzola-400x255.jpg 400w, https:\/\/www.bilbaoria2000.org\/assets\/media\/actuaciones-ametzola-480x305.jpg 480w, https:\/\/www.bilbaoria2000.org\/assets\/media\/actuaciones-ametzola-576x366.jpg 576w, https:\/\/www.bilbaoria2000.org\/assets\/media\/actuaciones-ametzola.jpg 800w\" \/>\n<div class=\"portfolio-overlay\"><\/div>\n<\/div>\n<div class=\"portfolio-caption\">\n<h5 class=\"portfolio-title\">Ametzola<\/h5>\n<\/div>\n<p><a class=\"portfolio-link\" href=\"\/en\/actions\/ametzola\/\"><\/a>\n\t\t\t\t\t\t\t<\/p><\/div>\n<div class=\"portfolio-item\">\n<div class=\"portfolio-wrapper\">\n\t\t\t\t\t\t\t\t\t<img alt=\"\" width=\"768\" height=\"489\" class=\"alignnone size-size_768 wp-image-2440 lazyload\" data-src=\"https:\/\/www.bilbaoria2000.org\/assets\/media\/actuaciones-barakaldo-768x489.jpg\" sizes=\"(max-width: 768px) 100vw, 768px\" data-srcset=\"https:\/\/www.bilbaoria2000.org\/assets\/media\/actuaciones-barakaldo-768x489.jpg 768w, https:\/\/www.bilbaoria2000.org\/assets\/media\/actuaciones-barakaldo-150x95.jpg 150w, https:\/\/www.bilbaoria2000.org\/assets\/media\/actuaciones-barakaldo-300x191.jpg 300w, https:\/\/www.bilbaoria2000.org\/assets\/media\/actuaciones-barakaldo-400x255.jpg 400w, https:\/\/www.bilbaoria2000.org\/assets\/media\/actuaciones-barakaldo-480x305.jpg 480w, https:\/\/www.bilbaoria2000.org\/assets\/media\/actuaciones-barakaldo-576x366.jpg 576w, https:\/\/www.bilbaoria2000.org\/assets\/media\/actuaciones-barakaldo.jpg 800w\" srcset=\"https:\/\/www.bilbaoria2000.org\/assets\/media\/actuaciones-barakaldo-768x489.jpg 768w, https:\/\/www.bilbaoria2000.org\/assets\/media\/actuaciones-barakaldo-150x95.jpg 150w, https:\/\/www.bilbaoria2000.org\/assets\/media\/actuaciones-barakaldo-300x191.jpg 300w, https:\/\/www.bilbaoria2000.org\/assets\/media\/actuaciones-barakaldo-400x255.jpg 400w, https:\/\/www.bilbaoria2000.org\/assets\/media\/actuaciones-barakaldo-480x305.jpg 480w, https:\/\/www.bilbaoria2000.org\/assets\/media\/actuaciones-barakaldo-576x366.jpg 576w, https:\/\/www.bilbaoria2000.org\/assets\/media\/actuaciones-barakaldo.jpg 800w\" \/>\n<div class=\"portfolio-overlay\"><\/div>\n<\/div>\n<div class=\"portfolio-caption\">\n<h5 class=\"portfolio-title\">Barakaldo<\/h5>\n<\/div>\n<p><a class=\"portfolio-link\" href=\"\/en\/actions\/barakaldo\/\"><\/a>\n\t\t\t\t\t\t\t<\/p><\/div>\n<div class=\"portfolio-item\">\n<div class=\"portfolio-wrapper\">\n\t\t\t\t\t\t\t\t\t<img alt=\"\" width=\"768\" height=\"489\" class=\"alignnone size-size_768 wp-image-2446 lazyload\" data-src=\"https:\/\/www.bilbaoria2000.org\/assets\/media\/actuaciones-basurto-768x489.jpg\" sizes=\"(max-width: 768px) 100vw, 768px\" data-srcset=\"https:\/\/www.bilbaoria2000.org\/assets\/media\/actuaciones-basurto-768x489.jpg 768w, https:\/\/www.bilbaoria2000.org\/assets\/media\/actuaciones-basurto-150x95.jpg 150w, https:\/\/www.bilbaoria2000.org\/assets\/media\/actuaciones-basurto-300x191.jpg 300w, https:\/\/www.bilbaoria2000.org\/assets\/media\/actuaciones-basurto-400x255.jpg 400w, https:\/\/www.bilbaoria2000.org\/assets\/media\/actuaciones-basurto-480x305.jpg 480w, https:\/\/www.bilbaoria2000.org\/assets\/media\/actuaciones-basurto-576x366.jpg 576w, https:\/\/www.bilbaoria2000.org\/assets\/media\/actuaciones-basurto.jpg 800w\" srcset=\"https:\/\/www.bilbaoria2000.org\/assets\/media\/actuaciones-basurto-768x489.jpg 768w, https:\/\/www.bilbaoria2000.org\/assets\/media\/actuaciones-basurto-150x95.jpg 150w, https:\/\/www.bilbaoria2000.org\/assets\/media\/actuaciones-basurto-300x191.jpg 300w, https:\/\/www.bilbaoria2000.org\/assets\/media\/actuaciones-basurto-400x255.jpg 400w, https:\/\/www.bilbaoria2000.org\/assets\/media\/actuaciones-basurto-480x305.jpg 480w, https:\/\/www.bilbaoria2000.org\/assets\/media\/actuaciones-basurto-576x366.jpg 576w, https:\/\/www.bilbaoria2000.org\/assets\/media\/actuaciones-basurto.jpg 800w\" \/>\n<div class=\"portfolio-overlay\"><\/div>\n<\/div>\n<div class=\"portfolio-caption\">\n<h5 class=\"portfolio-title\">Basurto \u2013 San mam\u00e9s<\/h5>\n<\/div>\n<p><a class=\"portfolio-link\" href=\"\/en\/actions\/basurto-san-mames\/\"><\/a>\n\t\t\t\t\t\t\t<\/p><\/div>\n<div class=\"portfolio-item\">\n<div class=\"portfolio-wrapper\">\n\t\t\t\t\t\t\t\t\t<img alt=\"\" width=\"768\" height=\"489\" class=\"alignnone size-size_768 wp-image-2449 lazyload\" data-src=\"https:\/\/www.bilbaoria2000.org\/assets\/media\/actuaciones-bilbao-la-vieja-768x489.jpg\" sizes=\"(max-width: 768px) 100vw, 768px\" data-srcset=\"https:\/\/www.bilbaoria2000.org\/assets\/media\/actuaciones-bilbao-la-vieja-768x489.jpg 768w, https:\/\/www.bilbaoria2000.org\/assets\/media\/actuaciones-bilbao-la-vieja-150x95.jpg 150w, https:\/\/www.bilbaoria2000.org\/assets\/media\/actuaciones-bilbao-la-vieja-300x191.jpg 300w, https:\/\/www.bilbaoria2000.org\/assets\/media\/actuaciones-bilbao-la-vieja-400x255.jpg 400w, https:\/\/www.bilbaoria2000.org\/assets\/media\/actuaciones-bilbao-la-vieja-480x305.jpg 480w, https:\/\/www.bilbaoria2000.org\/assets\/media\/actuaciones-bilbao-la-vieja-576x366.jpg 576w, https:\/\/www.bilbaoria2000.org\/assets\/media\/actuaciones-bilbao-la-vieja.jpg 800w\" srcset=\"https:\/\/www.bilbaoria2000.org\/assets\/media\/actuaciones-bilbao-la-vieja-768x489.jpg 768w, https:\/\/www.bilbaoria2000.org\/assets\/media\/actuaciones-bilbao-la-vieja-150x95.jpg 150w, https:\/\/www.bilbaoria2000.org\/assets\/media\/actuaciones-bilbao-la-vieja-300x191.jpg 300w, https:\/\/www.bilbaoria2000.org\/assets\/media\/actuaciones-bilbao-la-vieja-400x255.jpg 400w, https:\/\/www.bilbaoria2000.org\/assets\/media\/actuaciones-bilbao-la-vieja-480x305.jpg 480w, https:\/\/www.bilbaoria2000.org\/assets\/media\/actuaciones-bilbao-la-vieja-576x366.jpg 576w, https:\/\/www.bilbaoria2000.org\/assets\/media\/actuaciones-bilbao-la-vieja.jpg 800w\" \/>\n<div class=\"portfolio-overlay\"><\/div>\n<\/div>\n<div class=\"portfolio-caption\">\n<h5 class=\"portfolio-title\">Bilbao La Vieja<\/h5>\n<\/div>\n<p><a class=\"portfolio-link\" href=\"\/en\/actions\/bilbao-la-vieja\/\"><\/a>\n\t\t\t\t\t\t\t<\/p><\/div>\n<div class=\"portfolio-item\">\n<div class=\"portfolio-wrapper\">\n\t\t\t\t\t\t\t\t\t<img alt=\"\" width=\"768\" height=\"489\" class=\"alignnone size-size_768 wp-image-2452 lazyload\" data-src=\"https:\/\/www.bilbaoria2000.org\/assets\/media\/actuaciones-infraestructuras-768x489.jpg\" sizes=\"(max-width: 768px) 100vw, 768px\" data-srcset=\"https:\/\/www.bilbaoria2000.org\/assets\/media\/actuaciones-infraestructuras-768x489.jpg 768w, https:\/\/www.bilbaoria2000.org\/assets\/media\/actuaciones-infraestructuras-150x95.jpg 150w, https:\/\/www.bilbaoria2000.org\/assets\/media\/actuaciones-infraestructuras-300x191.jpg 300w, https:\/\/www.bilbaoria2000.org\/assets\/media\/actuaciones-infraestructuras-400x255.jpg 400w, https:\/\/www.bilbaoria2000.org\/assets\/media\/actuaciones-infraestructuras-480x305.jpg 480w, https:\/\/www.bilbaoria2000.org\/assets\/media\/actuaciones-infraestructuras-576x366.jpg 576w, https:\/\/www.bilbaoria2000.org\/assets\/media\/actuaciones-infraestructuras.jpg 800w\" srcset=\"https:\/\/www.bilbaoria2000.org\/assets\/media\/actuaciones-infraestructuras-768x489.jpg 768w, https:\/\/www.bilbaoria2000.org\/assets\/media\/actuaciones-infraestructuras-150x95.jpg 150w, https:\/\/www.bilbaoria2000.org\/assets\/media\/actuaciones-infraestructuras-300x191.jpg 300w, https:\/\/www.bilbaoria2000.org\/assets\/media\/actuaciones-infraestructuras-400x255.jpg 400w, https:\/\/www.bilbaoria2000.org\/assets\/media\/actuaciones-infraestructuras-480x305.jpg 480w, https:\/\/www.bilbaoria2000.org\/assets\/media\/actuaciones-infraestructuras-576x366.jpg 576w, https:\/\/www.bilbaoria2000.org\/assets\/media\/actuaciones-infraestructuras.jpg 800w\" \/>\n<div class=\"portfolio-overlay\"><\/div>\n<\/div>\n<div class=\"portfolio-caption\">\n<h5 class=\"portfolio-title\">Railway infrastructures<\/h5>\n<\/div>\n<p><a class=\"portfolio-link\" href=\"\/en\/actions\/rail-infraestructures\/\"><\/a>\n\t\t\t\t\t\t\t<\/p><\/div>\n<div class=\"portfolio-item\">\n<div class=\"portfolio-wrapper\">\n\t\t\t\t\t\t\t\t\t<img alt=\"Olabeaga\" width=\"576\" height=\"366\" class=\"alignnone size-size_576 wp-image-8215 lazyload\" data-src=\"https:\/\/www.bilbaoria2000.org\/assets\/media\/actuaciones-olabeaga-1-576x366.jpg\" sizes=\"(max-width: 576px) 100vw, 576px\" data-srcset=\"https:\/\/www.bilbaoria2000.org\/assets\/media\/actuaciones-olabeaga-1-576x366.jpg 576w, https:\/\/www.bilbaoria2000.org\/assets\/media\/actuaciones-olabeaga-1-150x95.jpg 150w, https:\/\/www.bilbaoria2000.org\/assets\/media\/actuaciones-olabeaga-1-300x191.jpg 300w, https:\/\/www.bilbaoria2000.org\/assets\/media\/actuaciones-olabeaga-1-400x255.jpg 400w, https:\/\/www.bilbaoria2000.org\/assets\/media\/actuaciones-olabeaga-1-480x305.jpg 480w, https:\/\/www.bilbaoria2000.org\/assets\/media\/actuaciones-olabeaga-1-768x489.jpg 768w, https:\/\/www.bilbaoria2000.org\/assets\/media\/actuaciones-olabeaga-1.jpg 800w\" srcset=\"https:\/\/www.bilbaoria2000.org\/assets\/media\/actuaciones-olabeaga-1-576x366.jpg 576w, https:\/\/www.bilbaoria2000.org\/assets\/media\/actuaciones-olabeaga-1-150x95.jpg 150w, https:\/\/www.bilbaoria2000.org\/assets\/media\/actuaciones-olabeaga-1-300x191.jpg 300w, https:\/\/www.bilbaoria2000.org\/assets\/media\/actuaciones-olabeaga-1-400x255.jpg 400w, https:\/\/www.bilbaoria2000.org\/assets\/media\/actuaciones-olabeaga-1-480x305.jpg 480w, https:\/\/www.bilbaoria2000.org\/assets\/media\/actuaciones-olabeaga-1-768x489.jpg 768w, https:\/\/www.bilbaoria2000.org\/assets\/media\/actuaciones-olabeaga-1.jpg 800w\" \/>\n<div class=\"portfolio-overlay\"><\/div>\n<\/div>\n<div class=\"portfolio-caption\">\n<h5 class=\"portfolio-title\">Olabeaga<\/h5>\n<\/div>\n<p><a class=\"portfolio-link\" href=\"\/en\/actions\/olabeaga\/\"><\/a>\n\t\t\t\t\t\t\t<\/p><\/div>\n<div class=\"portfolio-item\">\n<div class=\"portfolio-wrapper\">\n\t\t\t\t\t\t\t\t\t<img alt=\"\" width=\"768\" height=\"489\" class=\"alignnone size-size_768 wp-image-2458 lazyload\" data-src=\"https:\/\/www.bilbaoria2000.org\/assets\/media\/actuaciones-otras-768x489.jpg\" sizes=\"(max-width: 768px) 100vw, 768px\" data-srcset=\"https:\/\/www.bilbaoria2000.org\/assets\/media\/actuaciones-otras-768x489.jpg 768w, https:\/\/www.bilbaoria2000.org\/assets\/media\/actuaciones-otras-150x95.jpg 150w, https:\/\/www.bilbaoria2000.org\/assets\/media\/actuaciones-otras-300x191.jpg 300w, https:\/\/www.bilbaoria2000.org\/assets\/media\/actuaciones-otras-400x255.jpg 400w, https:\/\/www.bilbaoria2000.org\/assets\/media\/actuaciones-otras-480x305.jpg 480w, https:\/\/www.bilbaoria2000.org\/assets\/media\/actuaciones-otras-576x366.jpg 576w, https:\/\/www.bilbaoria2000.org\/assets\/media\/actuaciones-otras.jpg 800w\" srcset=\"https:\/\/www.bilbaoria2000.org\/assets\/media\/actuaciones-otras-768x489.jpg 768w, https:\/\/www.bilbaoria2000.org\/assets\/media\/actuaciones-otras-150x95.jpg 150w, https:\/\/www.bilbaoria2000.org\/assets\/media\/actuaciones-otras-300x191.jpg 300w, https:\/\/www.bilbaoria2000.org\/assets\/media\/actuaciones-otras-400x255.jpg 400w, https:\/\/www.bilbaoria2000.org\/assets\/media\/actuaciones-otras-480x305.jpg 480w, https:\/\/www.bilbaoria2000.org\/assets\/media\/actuaciones-otras-576x366.jpg 576w, https:\/\/www.bilbaoria2000.org\/assets\/media\/actuaciones-otras.jpg 800w\" \/>\n<div class=\"portfolio-overlay\"><\/div>\n<\/div>\n<div class=\"portfolio-caption\">\n<h5 class=\"portfolio-title\">Other actions<\/h5>\n<\/div>\n<p><a class=\"portfolio-link\" href=\"\/en\/actions\/other-actions\/\"><\/a>\n\t\t\t\t\t\t\t<\/p><\/div>\n<\/div>\n<\/div>\n<\/section>\n\n<!-- News-->\n<section class=\"module\">\n\t<div class=\"container\">\n\n\t\t<div class=\"row\">\n\t\t\t<div class=\"col-md-12\">\n\t\t\t\t<div class=\"module-title text-center\">\n\t\t\t\t\t<h2>Latest news<\/h2>\n\t\t\t\t\t<p>All the news about Bilbao R\u00eda 2000 in one click.<\/p>\n\t\t\t\t<\/div>\n\t\t\t<\/div>\n\t\t<\/div>\n\t\t<div class=\"row blog-grid\">\n\t\t\t\t\t\t\t\t\t\n\t\t\n\t\t\t\t\t\t<div class=\"col-md-4 post-item\">\n\t\t\t\t\t\t\t<!-- Post-->\n\t\t\t\t\t\t\t<article class=\"post\">\n\t\t\t\t\t\t\t\t<div class=\"post-preview\">\n\t\t\t\t\t\t\t\t\t<a href=\"https:\/\/www.bilbaoria2000.org\/en\/bilbao-ria-2000-launches-the-tendering-of-the-railway-integration-project-simultaneously-with-the-international-contest-to-design-the-new-olabeaga-neighbourhood\/\">\n\t\t\t\t\t\t\t\t\t\t\t\t\t\t\t\t\t\t\t<\/a>\n\t\t\t\t\t\t\t\t<\/div>\n\t\t\t\t\t\t\t\t<div class=\"post-wrapper\">\n\t\t\t\t\t\t\t\t\t<div class=\"post-header\">\n\t\t\t\t\t\t\t\t\t\t<h2 class=\"post-title\">\n\t\t\t\t\t\t\t\t\t\t\t<a href=\"https:\/\/www.bilbaoria2000.org\/en\/bilbao-ria-2000-launches-the-tendering-of-the-railway-integration-project-simultaneously-with-the-international-contest-to-design-the-new-olabeaga-neighbourhood\/\">BILBAO R\u00cdA 2000 LAUNCHES THE TENDERING OF THE RAILWAY INTEGRATION PROJECT SIMULTANEOUSLY WITH THE INTERNATIONAL CONTEST TO DESIGN THE NEW OLABEAGA NEIGHBOURHOOD<\/a>\n\t\t\t\t\t\t\t\t\t\t<\/h2>\n\t\t\t\t\t\t\t\t\t\t<ul class=\"post-meta h5\">\n\t\t\t\t\t\t\t\t\t\t\t<li>27 Feb 2026<\/li>\n\t\t\t\t\t\t\t\t\t\t<\/ul>\n\t\t\t\t\t\t\t\t\t<\/div>\n\t\t\t\t\t\t\t\t\t<div class=\"post-content\">\n\t\t\t\t\t\t\t\t\t\t<p>The company has put out to tender the basic and construction projects to move the train towards the Montevideo Avenue embankment on its route through this neighbourhood of Bilbao; that will free up an area of opportunity for the contest to establish how the solution will be incorporated into the city. The railway integration project [\u2026]<\/p>\n\t\t\t\t\t\t\t\t\t<\/div>\n\t\t\t\t\t\t\t\t\t<div class=\"post-more\">\n\t\t\t\t\t\t\t\t\t\t<a href=\"https:\/\/www.bilbaoria2000.org\/en\/bilbao-ria-2000-launches-the-tendering-of-the-railway-integration-project-simultaneously-with-the-international-contest-to-design-the-new-olabeaga-neighbourhood\/\">\n\t\t\t\t\t\t\t\t\t\t\tRead more \u2192\n\t\t\t\t\t\t\t\t\t\t<\/a>\n\t\t\t\t\t\t\t\t\t<\/div>\n\t\t\t\t\t\t\t\t<\/div>\n\t\t\t\t\t\t\t<\/article>\n\t\t\t\t\t\t\t<!-- Post end-->\n\t\t\t\t\t\t<\/div>\n\t\t\t\t\t\t\t\t\t\n\t\t\n\t\t\t\t\t\t<div class=\"col-md-4 post-item\">\n\t\t\t\t\t\t\t<!-- Post-->\n\t\t\t\t\t\t\t<article class=\"post\">\n\t\t\t\t\t\t\t\t<div class=\"post-preview\">\n\t\t\t\t\t\t\t\t\t<a href=\"https:\/\/www.bilbaoria2000.org\/en\/bilbao-ria-2000-settles-all-its-debt-with-the-sale-of-plot-p08-in-garellano\/\">\n\t\t\t\t\t\t\t\t\t\t\t\t\t\t\t\t\t\t\t<\/a>\n\t\t\t\t\t\t\t\t<\/div>\n\t\t\t\t\t\t\t\t<div class=\"post-wrapper\">\n\t\t\t\t\t\t\t\t\t<div class=\"post-header\">\n\t\t\t\t\t\t\t\t\t\t<h2 class=\"post-title\">\n\t\t\t\t\t\t\t\t\t\t\t<a href=\"https:\/\/www.bilbaoria2000.org\/en\/bilbao-ria-2000-settles-all-its-debt-with-the-sale-of-plot-p08-in-garellano\/\">BILBAO R\u00cdA 2000 SETTLES ALL ITS DEBT WITH THE SALE OF PLOT P08 IN GARELLANO<\/a>\n\t\t\t\t\t\t\t\t\t\t<\/h2>\n\t\t\t\t\t\t\t\t\t\t<ul class=\"post-meta h5\">\n\t\t\t\t\t\t\t\t\t\t\t<li>4 Nov 2019<\/li>\n\t\t\t\t\t\t\t\t\t\t<\/ul>\n\t\t\t\t\t\t\t\t\t<\/div>\n\t\t\t\t\t\t\t\t\t<div class=\"post-content\">\n\t\t\t\t\t\t\t\t\t\t<p>BILBAO R\u00eda 2000 ha firmado la escritura de enajenaci\u00f3n de la parcela P08 de Garellano, con la Cooperativa Anboto Dorrea lo que, adem\u00e1s de posibilitar que Bilbao vaya a contar con un edificio del arquitecto brit\u00e1nico Richard Rogers (RSHP Rogers Stirk Harbour + Partners), al que en 2007 le fue otorgado el prestigioso Premio Pritzker, [\u2026]<\/p>\n\t\t\t\t\t\t\t\t\t<\/div>\n\t\t\t\t\t\t\t\t\t<div class=\"post-more\">\n\t\t\t\t\t\t\t\t\t\t<a href=\"https:\/\/www.bilbaoria2000.org\/en\/bilbao-ria-2000-settles-all-its-debt-with-the-sale-of-plot-p08-in-garellano\/\">\n\t\t\t\t\t\t\t\t\t\t\tRead more \u2192\n\t\t\t\t\t\t\t\t\t\t<\/a>\n\t\t\t\t\t\t\t\t\t<\/div>\n\t\t\t\t\t\t\t\t<\/div>\n\t\t\t\t\t\t\t<\/article>\n\t\t\t\t\t\t\t<!-- Post end-->\n\t\t\t\t\t\t<\/div>\n\t\t\t\t\t\t\t\t\t\n\t\t\n\t\t\t\t\t\t<div class=\"col-md-4 post-item\">\n\t\t\t\t\t\t\t<!-- Post-->\n\t\t\t\t\t\t\t<article class=\"post\">\n\t\t\t\t\t\t\t\t<div class=\"post-preview\">\n\t\t\t\t\t\t\t\t\t<a href=\"https:\/\/www.bilbaoria2000.org\/en\/bilbao-ria-2000-convoca-un-concurso-de-ideas-para-el-diseno-del-parque-de-ribera-en-el-frente-de-la-ria-en-barakaldo\/\">\n\t\t\t\t\t\t\t\t\t\t\t\t\t\t\t\t\t\t\t<\/a>\n\t\t\t\t\t\t\t\t<\/div>\n\t\t\t\t\t\t\t\t<div class=\"post-wrapper\">\n\t\t\t\t\t\t\t\t\t<div class=\"post-header\">\n\t\t\t\t\t\t\t\t\t\t<h2 class=\"post-title\">\n\t\t\t\t\t\t\t\t\t\t\t<a href=\"https:\/\/www.bilbaoria2000.org\/en\/bilbao-ria-2000-convoca-un-concurso-de-ideas-para-el-diseno-del-parque-de-ribera-en-el-frente-de-la-ria-en-barakaldo\/\">BILBAO R\u00cdA 2000 LAUNCHES A CALL FOR IDEAS FOR THE DESIGN OF THE RIVERSIDE PARK ON THE ESTUARY FRONT IN BARAKALDO<\/a>\n\t\t\t\t\t\t\t\t\t\t<\/h2>\n\t\t\t\t\t\t\t\t\t\t<ul class=\"post-meta h5\">\n\t\t\t\t\t\t\t\t\t\t\t<li>29 Oct 2019<\/li>\n\t\t\t\t\t\t\t\t\t\t<\/ul>\n\t\t\t\t\t\t\t\t\t<\/div>\n\t\t\t\t\t\t\t\t\t<div class=\"post-content\">\n\t\t\t\t\t\t\t\t\t\t<p>El Consejo de Administraci\u00f3n de BILBAO R\u00eda 2000 acord\u00f3 en su reuni\u00f3n del 28 de octubre aprobar las bases de un Concurso de Proyectos con intervenci\u00f3n de Jurado para el dise\u00f1o urbano del frente de la R\u00eda y del Parque de Ribera del Nervi\u00f3n en el \u00e1rea de Galindo-Este, en Barakaldo. El Concurso comprender\u00e1 la [\u2026]<\/p>\n\t\t\t\t\t\t\t\t\t<\/div>\n\t\t\t\t\t\t\t\t\t<div class=\"post-more\">\n\t\t\t\t\t\t\t\t\t\t<a href=\"https:\/\/www.bilbaoria2000.org\/en\/bilbao-ria-2000-convoca-un-concurso-de-ideas-para-el-diseno-del-parque-de-ribera-en-el-frente-de-la-ria-en-barakaldo\/\">\n\t\t\t\t\t\t\t\t\t\t\tRead more \u2192\n\t\t\t\t\t\t\t\t\t\t<\/a>\n\t\t\t\t\t\t\t\t\t<\/div>\n\t\t\t\t\t\t\t\t<\/div>\n\t\t\t\t\t\t\t<\/article>\n\t\t\t\t\t\t\t<!-- Post end-->\n\t\t\t\t\t\t<\/div>\n\t\t\t\n\t\t<\/div>\n\n\t\t\t\t<div class=\"row m-t-50\">\n\t\t\t<div class=\"col-md-12\">\n\t\t\t\t<div class=\"text-center\">\n\t\t\t\t\t<a class=\"btn btn-lg btn-circle btn-brand\" href=\"https:\/\/www.bilbaoria2000.org\/en\/news\/\">\n\t\t\t\t\t\tSee all the news\t\t\t\t\t\t\t\n\t\t\t\t\t<\/a>\n\t\t\t\t<\/div>\n\t\t\t<\/div>\n\t\t<\/div>\n\n\t<\/div>\n<\/section>\n<!-- News end-->\n<br>\n<section class=\"module parallax bg-dark bg-dark-30\" data-id-bg=\"5\" data-sizes-background='[{\"width\":150,\"url\":\"https:\\\/\\\/www.bilbaoria2000.org\\\/assets\\\/media\\\/2019\\\/11\\\/Ortofoto-150x51.jpg\"},{\"width\":300,\"url\":\"https:\\\/\\\/www.bilbaoria2000.org\\\/assets\\\/media\\\/2019\\\/11\\\/Ortofoto-300x103.jpg\"},{\"width\":400,\"url\":\"https:\\\/\\\/www.bilbaoria2000.org\\\/assets\\\/media\\\/2019\\\/11\\\/Ortofoto-400x137.jpg\"},{\"width\":480,\"url\":\"https:\\\/\\\/www.bilbaoria2000.org\\\/assets\\\/media\\\/2019\\\/11\\\/Ortofoto-480x164.jpg\"},{\"width\":576,\"url\":\"https:\\\/\\\/www.bilbaoria2000.org\\\/assets\\\/media\\\/2019\\\/11\\\/Ortofoto-576x197.jpg\"},{\"width\":768,\"url\":\"https:\\\/\\\/www.bilbaoria2000.org\\\/assets\\\/media\\\/2019\\\/11\\\/Ortofoto-768x263.jpg\"},{\"width\":992,\"url\":\"https:\\\/\\\/www.bilbaoria2000.org\\\/assets\\\/media\\\/2019\\\/11\\\/Ortofoto-992x339.jpg\"},{\"width\":1200,\"url\":\"https:\\\/\\\/www.bilbaoria2000.org\\\/assets\\\/media\\\/2019\\\/11\\\/Ortofoto-1200x410.jpg\"},{\"width\":1650,\"url\":\"https:\\\/\\\/www.bilbaoria2000.org\\\/assets\\\/media\\\/2019\\\/11\\\/Ortofoto.jpg\"}]'>\n<div class=\"container\">\n<div class=\"row justify-content-center\">\n<div class=\"col-md-4\">\n<div class=\"counter h6\">\n<div class=\"counter-number\">\n<div class=\"counter-timer\" data-from=\"0\" data-to=\"32\">0<\/div>\n<\/div>\n<div class=\"counter-title\">years<\/div>\n<\/div>\n<\/div>\n<div class=\"col-md-4\">\n<div class=\"counter h6\">\n<div class=\"counter-number\">\n<div class=\"counter-timer\" data-from=\"0\" data-to=\"1023\">0<\/div>\n<div class=\"counter-title\">mill.\/\u20ac<\/div>\n<\/div>\n<div class=\"counter-title\">in investments<\/div>\n<\/div>\n<\/div>\n<\/div>\n<\/div>\n<\/section>\n\n","protected":false},"excerpt":{"rendered":"","protected":false},"author":2,"featured_media":0,"parent":0,"menu_order":0,"comment_status":"closed","ping_status":"closed","template":"","meta":{"_acf_changed":false,"footnotes":""},"class_list":["post-2631","page","type-page","status-publish","hentry"],"acf":[],"_links":{"self":[{"href":"https:\/\/www.bilbaoria2000.org\/en\/wp-json\/wp\/v2\/pages\/2631","targetHints":{"allow":["GET"]}}],"collection":[{"href":"https:\/\/www.bilbaoria2000.org\/en\/wp-json\/wp\/v2\/pages"}],"about":[{"href":"https:\/\/www.bilbaoria2000.org\/en\/wp-json\/wp\/v2\/types\/page"}],"author":[{"embeddable":true,"href":"https:\/\/www.bilbaoria2000.org\/en\/wp-json\/wp\/v2\/users\/2"}],"replies":[{"embeddable":true,"href":"https:\/\/www.bilbaoria2000.org\/en\/wp-json\/wp\/v2\/comments?post=2631"}],"version-history":[{"count":4,"href":"https:\/\/www.bilbaoria2000.org\/en\/wp-json\/wp\/v2\/pages\/2631\/revisions"}],"predecessor-version":[{"id":7079,"href":"https:\/\/www.bilbaoria2000.org\/en\/wp-json\/wp\/v2\/pages\/2631\/revisions\/7079"}],"wp:attachment":[{"href":"https:\/\/www.bilbaoria2000.org\/en\/wp-json\/wp\/v2\/media?parent=2631"}],"curies":[{"name":"wp","href":"https:\/\/api.w.org\/{rel}","templated":true}]}}